{"id":838,"date":"2017-03-03T17:47:34","date_gmt":"2017-03-03T16:47:34","guid":{"rendered":"http:\/\/www.tcchamoson.ch\/wordpress\/?page_id=838"},"modified":"2025-07-11T10:29:18","modified_gmt":"2025-07-11T08:29:18","slug":"location-du-club-house","status":"publish","type":"page","link":"https:\/\/www.tcchamoson.ch\/index.php\/location-du-club-house\/","title":{"rendered":"Location du club-house"},"content":{"rendered":"<p>[vc_row][vc_column]<div class=\"headline\"><i class=\"ifc-log_cabine\"><\/i><h2>LOCATION DU CLUB-HOUSE<\/h2><\/div>[\/vc_column][\/vc_row][vc_row][vc_column width=\u00a0\u00bb1\/2&Prime;][vc_column_text]Le club-house peut \u00eatre lou\u00e9 en toute saison \u00e0 des soci\u00e9t\u00e9s ou \u00e0 des particuliers pour des \u00e9v\u00e9nements divers (anniversaires, repas de famille&#8230;).<\/p>\n<p>&nbsp;<\/p>\n<h4><strong>Tarifs de location<br \/>\n<\/strong><\/h4>\n<ul>\n<li>Membre du Comit\u00e9 : CHF 50.&#8211;\/jour<\/li>\n<li>Membre du Club : CHF 120.&#8211;\/jour<\/li>\n<li>Non-membre du Club : CHF 200.&#8211;\/jour<\/li>\n<li>Location d&rsquo;un court de tennis : CHF 20.&#8211;\/heure<\/li>\n<\/ul>\n<p>Avec option nettoyage : + CHF 100.&#8211;<\/p>\n<p>Les CHF 100.&#8211; de d\u00e9p\u00f4t seront rendus au locataire au moment de la restitution des cl\u00e9s et apr\u00e8s v\u00e9rification (propret\u00e9 et absence de d\u00e9g\u00e2ts) par un membre du comit\u00e9.<\/p>\n<p>&nbsp;<\/p>\n<p>Voici la liste des \u00e9quipements disponibles au Club-house :<\/p>\n<ul>\n<li>un local chauff\u00e9<\/li>\n<li>30 places assises<\/li>\n<li>une cuisine \u00e9quip\u00e9e, r\u00e9nov\u00e9e en mars 2018<\/li>\n<li>Couverts et vaisselle \u00e0 disposition<\/li>\n<li>des WC s\u00e9par\u00e9s<\/li>\n<\/ul>\n<p>&nbsp;<\/p>\n<p>Toute demande s&rsquo;effectue par mail \u00e0 l&rsquo;adresse suivante : <strong><span style=\"color: #3366ff;\">tennis.chamoson@gmail.com<\/span><br \/>\n<\/strong><\/p>\n<p>&nbsp;<\/p>\n<h4><span style=\"color: #ff0000;\"><strong><em>Information importante<\/em><\/strong><\/span> : la priorit\u00e9 concernant l&rsquo;utilisation du club-house est donn\u00e9e aux activit\u00e9s du club.<\/h4>\n<p>[\/vc_column_text][\/vc_column][vc_column width=\u00a0\u00bb1\/2&Prime;][vc_single_image image=\u00a0\u00bb964&Prime; img_size=\u00a0\u00bblarge\u00a0\u00bb][\/vc_column][\/vc_row][vc_row][vc_column][vc_separator][\/vc_column][\/vc_row]<\/p>\n","protected":false},"excerpt":{"rendered":"<p>[vc_row][vc_column][\/vc_column][\/vc_row][vc_row][vc_column width=\u00a0\u00bb1\/2&Prime;][vc_column_text]Le club-house peut \u00eatre lou\u00e9 en toute saison \u00e0 des soci\u00e9t\u00e9s ou \u00e0 des particuliers pour des \u00e9v\u00e9nements divers (anniversaires, repas de famille&#8230;). &nbsp; Tarifs de location Membre du Comit\u00e9 : CHF 50.&#8211;\/jour Membre du Club : CHF 120.&#8211;\/jour Non-membre du Club : CHF 200.&#8211;\/jour Location d&rsquo;un court de tennis : CHF 20.&#8211;\/heure Avec [&hellip;]<\/p>\n","protected":false},"author":1,"featured_media":0,"parent":0,"menu_order":0,"comment_status":"closed","ping_status":"closed","template":"","meta":[],"_links":{"self":[{"href":"https:\/\/www.tcchamoson.ch\/index.php\/wp-json\/wp\/v2\/pages\/838"}],"collection":[{"href":"https:\/\/www.tcchamoson.ch\/index.php\/wp-json\/wp\/v2\/pages"}],"about":[{"href":"https:\/\/www.tcchamoson.ch\/index.php\/wp-json\/wp\/v2\/types\/page"}],"author":[{"embeddable":true,"href":"https:\/\/www.tcchamoson.ch\/index.php\/wp-json\/wp\/v2\/users\/1"}],"replies":[{"embeddable":true,"href":"https:\/\/www.tcchamoson.ch\/index.php\/wp-json\/wp\/v2\/comments?post=838"}],"version-history":[{"count":26,"href":"https:\/\/www.tcchamoson.ch\/index.php\/wp-json\/wp\/v2\/pages\/838\/revisions"}],"predecessor-version":[{"id":1838,"href":"https:\/\/www.tcchamoson.ch\/index.php\/wp-json\/wp\/v2\/pages\/838\/revisions\/1838"}],"wp:attachment":[{"href":"https:\/\/www.tcchamoson.ch\/index.php\/wp-json\/wp\/v2\/media?parent=838"}],"curies":[{"name":"wp","href":"https:\/\/api.w.org\/{rel}","templated":true}]}}