{"id":2,"date":"2017-03-03T10:23:13","date_gmt":"2017-03-03T09:23:13","guid":{"rendered":"http:\/\/www.tcchamoson.ch\/wordpress\/?page_id=2"},"modified":"2020-06-19T14:22:18","modified_gmt":"2020-06-19T12:22:18","slug":"page-d-exemple","status":"publish","type":"page","link":"https:\/\/www.tcchamoson.ch\/index.php\/page-d-exemple\/","title":{"rendered":"Historique"},"content":{"rendered":"<p>[vc_row][vc_column][vc_column_text]Cr\u00e9\u00e9 en 1986, ce petit club du Valais Central dispose de 2 courts ext\u00e9rieurs (SmashCourt\u00ae) \u00e9clair\u00e9s, qui b\u00e9n\u00e9ficient d\u2019une vue imprenable sur la Plaine du Rh\u00f4ne.<\/p>\n<p>En ao\u00fbt 2019, une lave torrentielle a d\u00e9ferl\u00e9 sur le village de Chamoson et le TC a \u00e9galement \u00e9t\u00e9 touch\u00e9. Suite \u00e0 cela, et gr\u00e2ce \u00e0 de tr\u00e8s nombreux soutiens de clubs amis, de Swiss Tennis, de l\u2019ARVsT, de l\u2019\u00c9tat du VS, du fonds du Sport et de quelques entreprises locales, le club a pu se relever, et depuis juin 2020, les 2 surfaces de jeu et l\u2019\u00e9clairage sont \u00e0 nouveau op\u00e9rationnelles.<\/p>\n<p>Actuellement, le TC Chamoson dispose d\u2019un mouvement junior tr\u00e8s actif avec professeurs patent\u00e9s mais surtout motiv\u00e9s, de 3 \u00e9quipes Interclubs et d\u2019une septantaine de membres actifs.<\/p>\n<p>Gr\u00e2ce au syst\u00e8me de r\u00e9servation en ligne <strong>Gotcourt,<\/strong> chacun (membre ou non-membre) peut r\u00e9server un terrain \u00e0 sa guise.<\/p>\n<p>Le TC Chamoson dispose \u00e9galement d\u2019un\u00a0agr\u00e9able club-house pouvant \u00eatre privatis\u00e9 (max 30 personnes: sur r\u00e9servation).[\/vc_column_text][\/vc_column][\/vc_row]<\/p>\n","protected":false},"excerpt":{"rendered":"<p>[vc_row][vc_column][vc_column_text]Cr\u00e9\u00e9 en 1986, ce petit club du Valais Central dispose de 2 courts ext\u00e9rieurs (SmashCourt\u00ae) \u00e9clair\u00e9s, qui b\u00e9n\u00e9ficient d\u2019une vue imprenable sur la Plaine du Rh\u00f4ne. En ao\u00fbt 2019, une lave torrentielle a d\u00e9ferl\u00e9 sur le village de Chamoson et le TC a \u00e9galement \u00e9t\u00e9 touch\u00e9. Suite \u00e0 cela, et gr\u00e2ce \u00e0 de tr\u00e8s nombreux [&hellip;]<\/p>\n","protected":false},"author":1,"featured_media":0,"parent":0,"menu_order":0,"comment_status":"closed","ping_status":"open","template":"","meta":[],"_links":{"self":[{"href":"https:\/\/www.tcchamoson.ch\/index.php\/wp-json\/wp\/v2\/pages\/2"}],"collection":[{"href":"https:\/\/www.tcchamoson.ch\/index.php\/wp-json\/wp\/v2\/pages"}],"about":[{"href":"https:\/\/www.tcchamoson.ch\/index.php\/wp-json\/wp\/v2\/types\/page"}],"author":[{"embeddable":true,"href":"https:\/\/www.tcchamoson.ch\/index.php\/wp-json\/wp\/v2\/users\/1"}],"replies":[{"embeddable":true,"href":"https:\/\/www.tcchamoson.ch\/index.php\/wp-json\/wp\/v2\/comments?post=2"}],"version-history":[{"count":6,"href":"https:\/\/www.tcchamoson.ch\/index.php\/wp-json\/wp\/v2\/pages\/2\/revisions"}],"predecessor-version":[{"id":1675,"href":"https:\/\/www.tcchamoson.ch\/index.php\/wp-json\/wp\/v2\/pages\/2\/revisions\/1675"}],"wp:attachment":[{"href":"https:\/\/www.tcchamoson.ch\/index.php\/wp-json\/wp\/v2\/media?parent=2"}],"curies":[{"name":"wp","href":"https:\/\/api.w.org\/{rel}","templated":true}]}}